{"id":308,"date":"2020-01-13T11:17:52","date_gmt":"2020-01-13T11:17:52","guid":{"rendered":"https:\/\/demosites.io\/web-agency-gb\/?page_id=5"},"modified":"2022-10-26T16:43:58","modified_gmt":"2022-10-26T14:43:58","slug":"15c42-web-agency-gb-home","status":"publish","type":"page","link":"https:\/\/design44.fr\/","title":{"rendered":"Accueil"},"content":{"rendered":"\n<div class=\"wp-block-cover alignfull is-light\" style=\"min-height:700px;aspect-ratio:unset;\"><span aria-hidden=\"true\" class=\"wp-block-cover__background has-background-dim-0 has-background-dim\"><\/span><img loading=\"lazy\" decoding=\"async\" width=\"2560\" height=\"1562\" class=\"wp-block-cover__image-background wp-image-410\" alt=\"\" src=\"http:\/\/design-44.fr\/wp-content\/uploads\/2022\/10\/HD-Garcia-Derval-12-octobre-2021-Dimitri-LAMOUR-_S4A3299-HDR-_-scaled.jpg\" style=\"object-position:54% 74%\" data-object-fit=\"cover\" data-object-position=\"54% 74%\" srcset=\"https:\/\/design44.fr\/wp-content\/uploads\/2022\/10\/HD-Garcia-Derval-12-octobre-2021-Dimitri-LAMOUR-_S4A3299-HDR-_-scaled.jpg 2560w, https:\/\/design44.fr\/wp-content\/uploads\/2022\/10\/HD-Garcia-Derval-12-octobre-2021-Dimitri-LAMOUR-_S4A3299-HDR-_-300x183.jpg 300w, https:\/\/design44.fr\/wp-content\/uploads\/2022\/10\/HD-Garcia-Derval-12-octobre-2021-Dimitri-LAMOUR-_S4A3299-HDR-_-1024x625.jpg 1024w, https:\/\/design44.fr\/wp-content\/uploads\/2022\/10\/HD-Garcia-Derval-12-octobre-2021-Dimitri-LAMOUR-_S4A3299-HDR-_-768x469.jpg 768w, https:\/\/design44.fr\/wp-content\/uploads\/2022\/10\/HD-Garcia-Derval-12-octobre-2021-Dimitri-LAMOUR-_S4A3299-HDR-_-1536x937.jpg 1536w\" sizes=\"auto, (max-width: 2560px) 100vw, 2560px\" \/><div class=\"wp-block-cover__inner-container is-layout-flow wp-block-cover-is-layout-flow\">\n<div style=\"height:80px\" aria-hidden=\"true\" class=\"wp-block-spacer\"><\/div>\n\n\n\n<h1 class=\"has-text-align-center has-nv-dark-bg-color has-text-color wp-block-heading\" style=\"font-style:normal;font-weight:900\"><mark style=\"background-color:var(--nv-site-bg)\" class=\"has-inline-color has-nv-dark-bg-color\">Site en construction<\/mark><\/h1>\n\n\n\n<div class=\"wp-block-buttons is-horizontal is-content-justification-center is-layout-flex wp-container-core-buttons-is-layout-499968f5 wp-block-buttons-is-layout-flex\">\n<div class=\"wp-block-button\"><a class=\"wp-block-button__link\" href=\"http:\/\/design-44.fr\/index.php\/contact_design44\/\" target=\"_blank\" rel=\"noreferrer noopener\">CONTACTEZ-NOUS<\/a><\/div>\n<\/div>\n\n\n\n<div style=\"height:80px\" aria-hidden=\"true\" class=\"wp-block-spacer\"><\/div>\n\n\n\n<div style=\"height:80px\" aria-hidden=\"true\" class=\"wp-block-spacer\"><\/div>\n<\/div><\/div>\n\n\n\n<div style=\"height:80px\" aria-hidden=\"true\" class=\"wp-block-spacer\"><\/div>\n\n\n\n<div class=\"wp-block-columns is-layout-flex wp-container-core-columns-is-layout-9d6595d7 wp-block-columns-is-layout-flex\">\n<div class=\"wp-block-column is-layout-flow wp-block-column-is-layout-flow\"><div class=\"wp-block-image icon-style is-style-default\">\n<figure class=\"aligncenter size-full is-resized\"><img loading=\"lazy\" decoding=\"async\" src=\"http:\/\/design-44.fr\/wp-content\/uploads\/2022\/10\/DESIGN44_ICONE_BLEU.png\" alt=\"\" class=\"wp-image-360\" width=\"50\" height=\"50\" title=\"\" srcset=\"https:\/\/design44.fr\/wp-content\/uploads\/2022\/10\/DESIGN44_ICONE_BLEU.png 533w, https:\/\/design44.fr\/wp-content\/uploads\/2022\/10\/DESIGN44_ICONE_BLEU-300x300.png 300w, https:\/\/design44.fr\/wp-content\/uploads\/2022\/10\/DESIGN44_ICONE_BLEU-150x150.png 150w\" sizes=\"auto, (max-width: 50px) 100vw, 50px\" \/><\/figure>\n<\/div>\n\n\n<h3 class=\"has-text-align-center has-neve-link-color-color has-text-color wp-block-heading\" style=\"font-style:normal;font-weight:200;text-transform:uppercase\">PISCINE<\/h3>\n\n\n\n<p class=\"has-text-align-center\"><strong>Piscine traditionnelle, piscine \u00e0 d\u00e9bordement ou couloir de nage, standard ou sur-mesure, nous proposons une large gamme de piscine adapt\u00e9e \u00e0 vos envies et \u00e0 votre budget.<\/strong><\/p>\n\n\n\n<div style=\"height:20px\" aria-hidden=\"true\" class=\"wp-block-spacer\"><\/div>\n<\/div>\n\n\n\n<div class=\"wp-block-column is-layout-flow wp-block-column-is-layout-flow\"><div class=\"wp-block-image icon-style is-style-default\">\n<figure class=\"aligncenter size-full is-resized\"><img loading=\"lazy\" decoding=\"async\" src=\"http:\/\/design-44.fr\/wp-content\/uploads\/2022\/10\/DESIGN44_ICONE_VERT.png\" alt=\"\" class=\"wp-image-358\" width=\"50\" height=\"50\" srcset=\"https:\/\/design44.fr\/wp-content\/uploads\/2022\/10\/DESIGN44_ICONE_VERT.png 533w, https:\/\/design44.fr\/wp-content\/uploads\/2022\/10\/DESIGN44_ICONE_VERT-300x300.png 300w, https:\/\/design44.fr\/wp-content\/uploads\/2022\/10\/DESIGN44_ICONE_VERT-150x150.png 150w\" sizes=\"auto, (max-width: 50px) 100vw, 50px\" \/><\/figure>\n<\/div>\n\n\n<h3 class=\"has-text-align-center has-nv-c-1-color has-text-color wp-block-heading\" style=\"font-style:normal;font-weight:200;text-transform:uppercase\">JARDIN<\/h3>\n\n\n\n<p class=\"has-text-align-center\"><strong>Ambiance zen, exotique, contemporaine ou design, nous vous proposons diff\u00e9rents type d\u2019am\u00e9nagements ext\u00e9rieurs.<\/strong><\/p>\n\n\n\n<div style=\"height:20px\" aria-hidden=\"true\" class=\"wp-block-spacer\"><\/div>\n<\/div>\n\n\n\n<div class=\"wp-block-column is-layout-flow wp-block-column-is-layout-flow\"><div class=\"wp-block-image icon-style is-style-default\">\n<figure class=\"aligncenter size-full is-resized\"><img loading=\"lazy\" decoding=\"async\" src=\"http:\/\/design-44.fr\/wp-content\/uploads\/2022\/10\/DESIGN44_ICONE_TERRACOTA.png\" alt=\"\" class=\"wp-image-359\" width=\"50\" height=\"50\" srcset=\"https:\/\/design44.fr\/wp-content\/uploads\/2022\/10\/DESIGN44_ICONE_TERRACOTA.png 533w, https:\/\/design44.fr\/wp-content\/uploads\/2022\/10\/DESIGN44_ICONE_TERRACOTA-300x300.png 300w, https:\/\/design44.fr\/wp-content\/uploads\/2022\/10\/DESIGN44_ICONE_TERRACOTA-150x150.png 150w\" sizes=\"auto, (max-width: 50px) 100vw, 50px\" \/><\/figure>\n<\/div>\n\n\n<h3 class=\"has-text-align-center has-neve-link-hover-color-color has-text-color wp-block-heading\" style=\"font-style:normal;font-weight:200;text-transform:uppercase\">SERVICES<\/h3>\n\n\n\n<p class=\"has-text-align-center\"><strong>Une \u00e9quipe de professionnel au service de vos espaces verts et jardins.<\/strong><\/p>\n\n\n\n<div style=\"height:20px\" aria-hidden=\"true\" class=\"wp-block-spacer\"><\/div>\n<\/div>\n<\/div>\n\n\n\n<div style=\"height:80px\" aria-hidden=\"true\" class=\"wp-block-spacer\"><\/div>\n\n\n\n<div class=\"wp-block-cover alignfull\" style=\"min-height:600px;aspect-ratio:unset;\"><span aria-hidden=\"true\" class=\"wp-block-cover__background has-neve-link-color-background-color has-background-dim-100 has-background-dim\"><\/span><div class=\"wp-block-cover__inner-container is-layout-flow wp-block-cover-is-layout-flow\">\n<div class=\"wp-block-group\"><div class=\"wp-block-group__inner-container is-layout-flow wp-block-group-is-layout-flow\">\n<div style=\"height:80px\" aria-hidden=\"true\" class=\"wp-block-spacer\"><\/div>\n\n\n\n<div class=\"wp-block-columns are-vertically-aligned-center is-layout-flex wp-container-core-columns-is-layout-9d6595d7 wp-block-columns-is-layout-flex\">\n<div class=\"wp-block-column is-vertically-aligned-center is-layout-flow wp-block-column-is-layout-flow\" style=\"flex-basis:50%\">\n<figure class=\"wp-block-image\"><img loading=\"lazy\" decoding=\"async\" width=\"2560\" height=\"2558\" src=\"http:\/\/design-44.fr\/wp-content\/uploads\/2022\/10\/HD-Santerre-Gue\u0301mene\u0301-Penfao-12-octobre-2021-Dimitri-LAMOUR-_S4A3332-HDR-_-edited-scaled.jpg\" alt=\"\" class=\"wp-image-394\" srcset=\"https:\/\/design44.fr\/wp-content\/uploads\/2022\/10\/HD-Santerre-Gue\u0301mene\u0301-Penfao-12-octobre-2021-Dimitri-LAMOUR-_S4A3332-HDR-_-edited-scaled.jpg 2560w, https:\/\/design44.fr\/wp-content\/uploads\/2022\/10\/HD-Santerre-Gue\u0301mene\u0301-Penfao-12-octobre-2021-Dimitri-LAMOUR-_S4A3332-HDR-_-edited-300x300.jpg 300w, https:\/\/design44.fr\/wp-content\/uploads\/2022\/10\/HD-Santerre-Gue\u0301mene\u0301-Penfao-12-octobre-2021-Dimitri-LAMOUR-_S4A3332-HDR-_-edited-1024x1024.jpg 1024w, https:\/\/design44.fr\/wp-content\/uploads\/2022\/10\/HD-Santerre-Gue\u0301mene\u0301-Penfao-12-octobre-2021-Dimitri-LAMOUR-_S4A3332-HDR-_-edited-150x150.jpg 150w, https:\/\/design44.fr\/wp-content\/uploads\/2022\/10\/HD-Santerre-Gue\u0301mene\u0301-Penfao-12-octobre-2021-Dimitri-LAMOUR-_S4A3332-HDR-_-edited-768x767.jpg 768w, https:\/\/design44.fr\/wp-content\/uploads\/2022\/10\/HD-Santerre-Gue\u0301mene\u0301-Penfao-12-octobre-2021-Dimitri-LAMOUR-_S4A3332-HDR-_-edited-1536x1536.jpg 1536w, https:\/\/design44.fr\/wp-content\/uploads\/2022\/10\/HD-Santerre-Gue\u0301mene\u0301-Penfao-12-octobre-2021-Dimitri-LAMOUR-_S4A3332-HDR-_-edited-2048x2046.jpg 2048w\" sizes=\"auto, (max-width: 2560px) 100vw, 2560px\" \/><\/figure>\n<\/div>\n\n\n\n<div class=\"wp-block-column is-vertically-aligned-center is-layout-flow wp-block-column-is-layout-flow\" style=\"flex-basis:50%\">\n<div style=\"height:20px\" aria-hidden=\"true\" class=\"wp-block-spacer\"><\/div>\n\n\n\n<h2 class=\"has-text-align-left has-nv-site-bg-color has-text-color wp-block-heading\">PISCINE<\/h2>\n\n\n\n<p>Les concepts uniques et brevet\u00e9s que nous utilisons, offrent des possibilit\u00e9s infinies en mati\u00e8re de mat\u00e9riel et de technologie.<\/p>\n\n\n\n<p>Nous utilisons un proc\u00e9d\u00e9 industriel et innovant pour produire des piscines norm\u00e9es et certifi\u00e9es con\u00e7ues pour durer.<\/p>\n\n\n\n<p>Gr\u00e2ce \u00e0 notre exp\u00e9rience et notre savoir-faire vous pouvez d\u00e9j\u00e0 \u00eatre serein. Nous r\u00e9alisons votre projet cl\u00e9 en main.<\/p>\n<\/div>\n<\/div>\n\n\n\n<div style=\"height:40px\" aria-hidden=\"true\" class=\"wp-block-spacer\"><\/div>\n<\/div><\/div>\n<\/div><\/div>\n\n\n\n<div class=\"wp-block-cover alignfull\" style=\"min-height:600px;aspect-ratio:unset;\"><span aria-hidden=\"true\" class=\"wp-block-cover__background has-nv-site-bg-background-color has-background-dim-100 has-background-dim\"><\/span><div class=\"wp-block-cover__inner-container is-layout-flow wp-block-cover-is-layout-flow\">\n<div class=\"wp-block-group\"><div class=\"wp-block-group__inner-container is-layout-flow wp-block-group-is-layout-flow\">\n<div style=\"height:80px\" aria-hidden=\"true\" class=\"wp-block-spacer\"><\/div>\n\n\n\n<div class=\"wp-block-columns are-vertically-aligned-center is-layout-flex wp-container-core-columns-is-layout-9d6595d7 wp-block-columns-is-layout-flex\">\n<div class=\"wp-block-column is-vertically-aligned-center is-layout-flow wp-block-column-is-layout-flow\" style=\"flex-basis:50%\">\n<h2 class=\"has-text-align-left has-nv-c-1-color has-text-color wp-block-heading\">JARDIN<\/h2>\n\n\n\n<p class=\"has-neve-text-color-color has-text-color\">La connaissance et la cr\u00e9ativit\u00e9 sans limite de nos experts vous offre la possibilit\u00e9 d\u2019avoir un espace ext\u00e9rieur sur-mesure.<br><\/p>\n\n\n\n<p class=\"has-neve-text-color-color has-text-color\">Cr\u00e9ation d\u2019espaces verts, choix des v\u00e9g\u00e9taux, dallage, \u00e9clairage, etc, vous pourrez visualiser votre futur projet gr\u00e2ce \u00e0 la r\u00e9alisation en 3D r\u00e9alis\u00e9 par notre bureau d\u2019\u00e9tude.<\/p>\n\n\n\n<div style=\"height:40px\" aria-hidden=\"true\" class=\"wp-block-spacer\"><\/div>\n<\/div>\n\n\n\n<div class=\"wp-block-column is-vertically-aligned-center is-layout-flow wp-block-column-is-layout-flow\" style=\"flex-basis:50%\">\n<figure class=\"wp-block-image size-large\"><img loading=\"lazy\" decoding=\"async\" width=\"2557\" height=\"2560\" src=\"http:\/\/design-44.fr\/wp-content\/uploads\/2022\/10\/HD-Garcia-Derval-12-octobre-2021-Dimitri-LAMOUR-_MG_8640-8640-edited-scaled.jpg\" alt=\"\" class=\"wp-image-420\" srcset=\"https:\/\/design44.fr\/wp-content\/uploads\/2022\/10\/HD-Garcia-Derval-12-octobre-2021-Dimitri-LAMOUR-_MG_8640-8640-edited-scaled.jpg 2557w, https:\/\/design44.fr\/wp-content\/uploads\/2022\/10\/HD-Garcia-Derval-12-octobre-2021-Dimitri-LAMOUR-_MG_8640-8640-edited-300x300.jpg 300w, https:\/\/design44.fr\/wp-content\/uploads\/2022\/10\/HD-Garcia-Derval-12-octobre-2021-Dimitri-LAMOUR-_MG_8640-8640-edited-1024x1024.jpg 1024w, https:\/\/design44.fr\/wp-content\/uploads\/2022\/10\/HD-Garcia-Derval-12-octobre-2021-Dimitri-LAMOUR-_MG_8640-8640-edited-150x150.jpg 150w, https:\/\/design44.fr\/wp-content\/uploads\/2022\/10\/HD-Garcia-Derval-12-octobre-2021-Dimitri-LAMOUR-_MG_8640-8640-edited-768x769.jpg 768w, https:\/\/design44.fr\/wp-content\/uploads\/2022\/10\/HD-Garcia-Derval-12-octobre-2021-Dimitri-LAMOUR-_MG_8640-8640-edited-1534x1536.jpg 1534w, https:\/\/design44.fr\/wp-content\/uploads\/2022\/10\/HD-Garcia-Derval-12-octobre-2021-Dimitri-LAMOUR-_MG_8640-8640-edited-2046x2048.jpg 2046w\" sizes=\"auto, (max-width: 2557px) 100vw, 2557px\" \/><\/figure>\n<\/div>\n<\/div>\n\n\n\n<div style=\"height:40px\" aria-hidden=\"true\" class=\"wp-block-spacer\"><\/div>\n<\/div><\/div>\n<\/div><\/div>\n\n\n\n<div class=\"wp-block-cover alignfull\" style=\"min-height:600px;aspect-ratio:unset;\"><span aria-hidden=\"true\" class=\"wp-block-cover__background has-neve-link-hover-color-background-color has-background-dim-100 has-background-dim\"><\/span><div class=\"wp-block-cover__inner-container is-layout-flow wp-block-cover-is-layout-flow\">\n<div class=\"wp-block-group\"><div class=\"wp-block-group__inner-container is-layout-flow wp-block-group-is-layout-flow\">\n<div style=\"height:80px\" aria-hidden=\"true\" class=\"wp-block-spacer\"><\/div>\n\n\n\n<div class=\"wp-block-columns are-vertically-aligned-center is-layout-flex wp-container-core-columns-is-layout-9d6595d7 wp-block-columns-is-layout-flex\">\n<div class=\"wp-block-column is-vertically-aligned-center is-layout-flow wp-block-column-is-layout-flow\" style=\"flex-basis:50%\">\n<figure class=\"wp-block-image size-large\"><img loading=\"lazy\" decoding=\"async\" width=\"1024\" height=\"1024\" src=\"http:\/\/design-44.fr\/wp-content\/uploads\/2022\/10\/summer-3623282-edited-1024x1024.jpg\" alt=\"\" class=\"wp-image-417\" srcset=\"https:\/\/design44.fr\/wp-content\/uploads\/2022\/10\/summer-3623282-edited-1024x1024.jpg 1024w, https:\/\/design44.fr\/wp-content\/uploads\/2022\/10\/summer-3623282-edited-300x300.jpg 300w, https:\/\/design44.fr\/wp-content\/uploads\/2022\/10\/summer-3623282-edited-150x150.jpg 150w, https:\/\/design44.fr\/wp-content\/uploads\/2022\/10\/summer-3623282-edited-768x767.jpg 768w, https:\/\/design44.fr\/wp-content\/uploads\/2022\/10\/summer-3623282-edited-1536x1536.jpg 1536w, https:\/\/design44.fr\/wp-content\/uploads\/2022\/10\/summer-3623282-edited-2048x2048.jpg 2048w\" sizes=\"auto, (max-width: 1024px) 100vw, 1024px\" \/><\/figure>\n<\/div>\n\n\n\n<div class=\"wp-block-column is-vertically-aligned-center is-layout-flow wp-block-column-is-layout-flow\" style=\"flex-basis:50%\">\n<div style=\"height:40px\" aria-hidden=\"true\" class=\"wp-block-spacer\"><\/div>\n\n\n\n<h2 class=\"has-text-align-left has-nv-text-dark-bg-color has-text-color wp-block-heading\">SERVICES<\/h2>\n\n\n\n<p>Nous vous proposons un panel de service pour vous lib\u00e9rer des t\u00e2ches d\u2019entretien.<\/p>\n\n\n\n<p>La tonte de pelouses, la taille de haies &amp; arbustes, l\u2019entretien de massifs, la taille de fruitiers, la scarification, l\u2019\u00e9lagage, le d\u00e9broussaillage, l\u2019abattage et le nettoyage des terrasses en bois ou en pierres sont autant de services que nous vous proposons.<\/p>\n\n\n\n<p>Nous aimons la terre et nous veillons sur elle. Par cons\u00e9quent nous n\u2019utilisons aucun produits phytosanitaires et nous faisons en sorte de n\u2019\u00e9mettre aucun rejet de CO2.<\/p>\n<\/div>\n<\/div>\n\n\n\n<div style=\"height:50px\" aria-hidden=\"true\" class=\"wp-block-spacer\"><\/div>\n<\/div><\/div>\n<\/div><\/div>\n","protected":false},"excerpt":{"rendered":"<p>PISCINE Piscine traditionnelle, piscine \u00e0 d\u00e9bordement ou couloir de nage, standard ou sur-mesure, nous proposons une large gamme de piscine adapt\u00e9e \u00e0 vos envies et \u00e0 votre budget. JARDIN Ambiance zen, exotique, contemporaine ou design, nous vous proposons diff\u00e9rents type d\u2019am\u00e9nagements ext\u00e9rieurs. SERVICES Une \u00e9quipe de professionnel au service de vos espaces verts et jardins.<\/p>\n","protected":false},"author":2,"featured_media":0,"parent":0,"menu_order":0,"comment_status":"closed","ping_status":"closed","template":"","meta":{"neve_meta_sidebar":"default","neve_meta_container":"default","neve_meta_enable_content_width":"on","neve_meta_content_width":100,"neve_meta_title_alignment":"","neve_meta_author_avatar":"","neve_post_elements_order":"","neve_meta_disable_header":"","neve_meta_disable_footer":"","neve_meta_disable_title":"on","footnotes":""},"class_list":["post-308","page","type-page","status-publish","hentry"],"_links":{"self":[{"href":"https:\/\/design44.fr\/index.php\/wp-json\/wp\/v2\/pages\/308","targetHints":{"allow":["GET"]}}],"collection":[{"href":"https:\/\/design44.fr\/index.php\/wp-json\/wp\/v2\/pages"}],"about":[{"href":"https:\/\/design44.fr\/index.php\/wp-json\/wp\/v2\/types\/page"}],"author":[{"embeddable":true,"href":"https:\/\/design44.fr\/index.php\/wp-json\/wp\/v2\/users\/2"}],"replies":[{"embeddable":true,"href":"https:\/\/design44.fr\/index.php\/wp-json\/wp\/v2\/comments?post=308"}],"version-history":[{"count":10,"href":"https:\/\/design44.fr\/index.php\/wp-json\/wp\/v2\/pages\/308\/revisions"}],"predecessor-version":[{"id":444,"href":"https:\/\/design44.fr\/index.php\/wp-json\/wp\/v2\/pages\/308\/revisions\/444"}],"wp:attachment":[{"href":"https:\/\/design44.fr\/index.php\/wp-json\/wp\/v2\/media?parent=308"}],"curies":[{"name":"wp","href":"https:\/\/api.w.org\/{rel}","templated":true}]}}